{"id":22,"date":"2019-08-17T12:58:05","date_gmt":"2019-08-17T10:58:05","guid":{"rendered":"http:\/\/flowforsense.com\/?page_id=22"},"modified":"2025-12-28T13:26:45","modified_gmt":"2025-12-28T12:26:45","slug":"a-propos","status":"publish","type":"page","link":"https:\/\/flowforsense.com\/?page_id=22","title":{"rendered":"A &#8216;propos"},"content":{"rendered":"\n<div class=\"wp-block-columns is-layout-flex wp-container-core-columns-is-layout-28f84493 wp-block-columns-is-layout-flex\">\n<div class=\"wp-block-column is-layout-flow wp-block-column-is-layout-flow\">\n<figure class=\"wp-block-gallery has-nested-images columns-default is-cropped wp-block-gallery-1 is-layout-flex wp-block-gallery-is-layout-flex\">\n<figure class=\"wp-block-image size-large is-style-default\"><img loading=\"lazy\" decoding=\"async\" width=\"2187\" height=\"2188\" data-id=\"617\" src=\"https:\/\/flowforsense.com\/wp-content\/uploads\/2025\/12\/MG_2728_NeB_1CSE-edited.jpg\" alt=\"\" class=\"wp-image-617\" srcset=\"https:\/\/flowforsense.com\/wp-content\/uploads\/2025\/12\/MG_2728_NeB_1CSE-edited.jpg 2187w, https:\/\/flowforsense.com\/wp-content\/uploads\/2025\/12\/MG_2728_NeB_1CSE-edited-300x300.jpg 300w, https:\/\/flowforsense.com\/wp-content\/uploads\/2025\/12\/MG_2728_NeB_1CSE-edited-1024x1024.jpg 1024w, https:\/\/flowforsense.com\/wp-content\/uploads\/2025\/12\/MG_2728_NeB_1CSE-edited-150x150.jpg 150w, https:\/\/flowforsense.com\/wp-content\/uploads\/2025\/12\/MG_2728_NeB_1CSE-edited-768x768.jpg 768w, https:\/\/flowforsense.com\/wp-content\/uploads\/2025\/12\/MG_2728_NeB_1CSE-edited-1536x1536.jpg 1536w, https:\/\/flowforsense.com\/wp-content\/uploads\/2025\/12\/MG_2728_NeB_1CSE-edited-2048x2048.jpg 2048w\" sizes=\"auto, (max-width: 2187px) 100vw, 2187px\" \/><\/figure>\n<\/figure>\n<\/div>\n\n\n\n<div class=\"wp-block-column is-layout-flow wp-block-column-is-layout-flow\">\n<p><\/p>\n\n\n\n<h2 class=\"wp-block-heading has-primary-color has-text-color has-link-color wp-elements-ce4c851c8847a2dfacb7a40a89b15b28\">Krisztina SETE <\/h2>\n\n\n\n<p class=\"has-text-align-left\">      Consultant en management RH et Coach professionnel&nbsp;certifi\u00e9e. Passionn\u00e9e de l&#8217;accompagnement, elle a fond\u00e9 et dirige le Cabinet <em>Flow For Sense<\/em>, sp\u00e9cialis\u00e9 dans le domaine du&nbsp;<em>D\u00e9veloppement personnel et professionnel<\/em>; <em>Accompagnement changement, transition<\/em>; <em>Coaching et Bilan de comp\u00e9tences<\/em>.<\/p>\n<\/div>\n<\/div>\n\n\n\n<p>Apr\u00e8s plus de dix ann\u00e9es d&#8217;exp\u00e9rience en consulting dans le secteur bancaire et le secteur industriel, elle a d\u00e9velopp\u00e9 ses comp\u00e9tences de coaching en accompagnant des personnes et des organisations dans leur transition et d\u00e9veloppement.<\/p>\n\n\n\n<p>Ayant la forte conviction que l\u2019humaine reste et doit rester le c\u0153ur de tout ce qui est professionnel, entreprise, organisation, transformation, Krisztina &#8211; \u00e0 travers le <strong><em>Coaching- <\/em><\/strong>a le plaisir aujourd&#8217;hui d\u2019accompagner les personnes dans leur d\u00e9veloppement, leur transition, leur qu\u00eate de sens, afin de s&#8217;\u00e9panouir dans leur vie personnelle et professionnelle.<\/p>\n\n\n\n<p>Afin d&#8217;enrichir ses accompagnements, Krisztina s&#8217;est form\u00e9e dans la r\u00e9alisation des <strong><em>Bilans de comp\u00e9tences.<\/em><\/strong> Elle propose aujourd&#8217;hui des programmes  approfondis pour ces clients, afin qu&#8217;ils puissent trouver le projet qui leur fait du sens et leur permet de vivre align\u00e9s avec leurs valeurs, passions, motivations.<\/p>\n\n\n\n<p>En exp\u00e9rimentant elle-m\u00eame l&#8217;expatriation, Krisztina est tr\u00e8s attach\u00e9e \u00e0 l\u2019accompagnement des expatri\u00e9s, en particulier les conjoints expatri\u00e9s. Elle soutient les <strong><em>femmes expatri\u00e9es <\/em><\/strong>dans leur qu\u00eate de sens, afin de transformer cette transition parfois difficile, en une occasion unique et pr\u00e9cieuse de se r\u00e9inventer et de s&#8217;\u00e9panouir dans cette nouvelle vie.<\/p>\n\n\n\n<p>Ensemble avec ses collaborateurs (psychologue, sophrologue, professionnel RH, etc.), le cabinet <em>FLOW FOR SENSE <\/em> propose des programmes d&#8217;accompagnement diversifi\u00e9s et sur-mesure.  <\/p>\n\n\n\n<div class=\"wp-block-buttons is-content-justification-center is-layout-flex wp-container-core-buttons-is-layout-a89b3969 wp-block-buttons-is-layout-flex\">\n<div class=\"wp-block-button\"><a class=\"wp-block-button__link wp-element-button\" href=\"https:\/\/flowforsense.com\/?page_id=68\">&#8220;Je veux en parler&#8221;<\/a><\/div>\n<\/div>\n\n\n\n<p><a href=\"https:\/\/flowforsense.com\/\" data-type=\"link\" data-id=\"https:\/\/flowforsense.com\/\">Retour Accueil<\/a><\/p>\n","protected":false},"excerpt":{"rendered":"<p>Krisztina SETE Consultant en management RH et Coach professionnel&nbsp;certifi\u00e9e. Passionn\u00e9e de l&#8217;accompagnement, elle a fond\u00e9 [&hellip;]<\/p>\n","protected":false},"author":1,"featured_media":0,"parent":0,"menu_order":0,"comment_status":"closed","ping_status":"closed","template":"","meta":{"footnotes":""},"class_list":["post-22","page","type-page","status-publish","hentry"],"_links":{"self":[{"href":"https:\/\/flowforsense.com\/index.php?rest_route=\/wp\/v2\/pages\/22","targetHints":{"allow":["GET"]}}],"collection":[{"href":"https:\/\/flowforsense.com\/index.php?rest_route=\/wp\/v2\/pages"}],"about":[{"href":"https:\/\/flowforsense.com\/index.php?rest_route=\/wp\/v2\/types\/page"}],"author":[{"embeddable":true,"href":"https:\/\/flowforsense.com\/index.php?rest_route=\/wp\/v2\/users\/1"}],"replies":[{"embeddable":true,"href":"https:\/\/flowforsense.com\/index.php?rest_route=%2Fwp%2Fv2%2Fcomments&post=22"}],"version-history":[{"count":16,"href":"https:\/\/flowforsense.com\/index.php?rest_route=\/wp\/v2\/pages\/22\/revisions"}],"predecessor-version":[{"id":629,"href":"https:\/\/flowforsense.com\/index.php?rest_route=\/wp\/v2\/pages\/22\/revisions\/629"}],"wp:attachment":[{"href":"https:\/\/flowforsense.com\/index.php?rest_route=%2Fwp%2Fv2%2Fmedia&parent=22"}],"curies":[{"name":"wp","href":"https:\/\/api.w.org\/{rel}","templated":true}]}}