{"id":239,"date":"2021-03-05T17:59:04","date_gmt":"2021-03-05T16:59:04","guid":{"rendered":"https:\/\/flowforsense.com\/?page_id=239"},"modified":"2025-12-27T23:26:10","modified_gmt":"2025-12-27T22:26:10","slug":"blossom-ladies","status":"publish","type":"page","link":"https:\/\/flowforsense.com\/?page_id=239","title":{"rendered":"Blossom Ladies"},"content":{"rendered":"\n<p class=\"has-text-align-center\"><strong>PROFITEZ DE L\u2019OCCASION DE CHANGER VOTRE VIE<\/strong><\/p>\n\n\n\n<hr class=\"wp-block-separator has-css-opacity\"\/>\n\n\n\n<p>\u00ab&nbsp;<strong><em>Femme<\/em>&nbsp;<\/strong>\u00bb&nbsp;&#8211; un petit mot et en m\u00eame temps tant de significations. Tant de sens, de sentiments, de questions, de conflits. Tant de r\u00e9alit\u00e9s&nbsp;!<\/p>\n\n\n\n<p><strong>\u00ab&nbsp;<em>Femmes&nbsp;<\/em>\u00bb <\/strong>&#8211; Nous nous confrontons quotidiennement avec tous nos r\u00f4les &#8211; de femme, m\u00e8re, \u00e9pouse, employ\u00e9e, entrepreneuse \u2026 Nous combattons les \u00e9tiquettes, les croyances, les pr\u00e9jug\u00e9s \u2013 les notres et ceux des autres. Et parfois nous trouvons la moindre illusion apaisante d\u2019un \u00e9quilibre \u00e9ph\u00e9m\u00e8re\u2026<\/p>\n\n\n\n<p>Le temps passe. Et un jour nous regardons autour, nous nous cherchons. Mais nous ne nous trouvons pas\u2026<\/p>\n\n\n\n<p>Les sentiments \u00e9mergent&nbsp;: \u00ab&nbsp;Je suis seule.&nbsp;\u00bb&nbsp; \u00ab&nbsp;Je suis vide.&nbsp;\u00bb &nbsp;\u00ab&nbsp;Je suis une ombre.&nbsp;\u00bb &nbsp;\u00ab&nbsp;Je ne suis personne.&nbsp;\u00bb &nbsp;\u00ab&nbsp;Je ne me vois pas.&nbsp;\u00bb&nbsp; \u00ab&nbsp;Les autres ne me voient pas.&nbsp;\u00bb<\/p>\n\n\n\n<p>Et les questions surgissent : \u00ab&nbsp;O\u00f9 suis-je&nbsp;?&nbsp;\u00bb&nbsp; \u00ab&nbsp;Quand est-ce que je me suis perdue&nbsp;?&nbsp;\u00bb&nbsp; \u00ab&nbsp;Qu\u2019est ce qui est important pour moi&nbsp;?&nbsp;\u00bb \u00ab&nbsp;Qu\u2019est ce que je veux faire dans ma vie&nbsp;?&nbsp;\u00bb \u00ab&nbsp;Quel est le sens de ma vie&nbsp;?&nbsp;\u00bb \u00ab&nbsp;<strong>Qui suis-Je<\/strong>&nbsp;?&nbsp;\u00bb<\/p>\n\n\n\n<hr class=\"wp-block-separator has-css-opacity\"\/>\n\n\n\n<p><em>Est-ce que vous vous reconnaissez ? Est-ce que vous sentez les m\u00eames \u00e9motions qui surgissent ? Est-ce que vous vous posez les m\u00eames questions ? Alors, vous \u00eates au bon endroit&nbsp;!<\/em><\/p>\n\n\n\n<p><\/p>\n\n\n\n<hr class=\"wp-block-separator has-css-opacity\"\/>\n\n\n\n<p><\/p>\n\n\n\n<p>\u00c7a arrive que vraisemblablement on a tout pour \u00eatre heureuse, mais on ne se sent pas toujours vraiment combl\u00e9e. On a l\u2019impression de passer \u00e0 cot\u00e9 de notre vie. Pourtant nous cherchons de toutes nos forces un \u00e9quilibre personnel, un \u00e9panouissement dans tout nos r\u00f4les, avec toutes les facettes de notre identit\u00e9.<\/p>\n\n\n\n<hr class=\"wp-block-separator has-css-opacity\"\/>\n\n\n\n<p>Le programme de d\u00e9veloppement et transformation personnelle <strong><em>Blossom Ladies<\/em><\/strong> se construit sur <strong>3 piliers&nbsp;<\/strong>:<\/p>\n\n\n\n<figure class=\"wp-block-image aligncenter size-large is-resized\"><img loading=\"lazy\" decoding=\"async\" width=\"602\" height=\"578\" src=\"https:\/\/flowforsense.com\/wp-content\/uploads\/2021\/05\/image.png\" alt=\"\" class=\"wp-image-289\" style=\"width:602px;height:auto\" srcset=\"https:\/\/flowforsense.com\/wp-content\/uploads\/2021\/05\/image.png 602w, https:\/\/flowforsense.com\/wp-content\/uploads\/2021\/05\/image-300x288.png 300w\" sizes=\"auto, (max-width: 602px) 100vw, 602px\" \/><\/figure>\n\n\n\n<hr class=\"wp-block-separator has-css-opacity\"\/>\n\n\n\n<p>Chaque personne vit des moments de passage entre ce qu\u2019il \u00e9tait, ce qu\u2019il est aujourd\u2019hui et ce qu\u2019il veut devenir. Mais o\u00f9 trouver des rep\u00e8res stables ailleurs que dans sa propre int\u00e9riorit\u00e9. Pourquoi chercher \u00e0 l\u2019ext\u00e9rieur, dans cet environnement en perp\u00e9tuel changement, quand les vrais \u00ab&nbsp;rampes&nbsp;\u00bb se cachent en son fort int\u00e9rieur.<\/p>\n\n\n\n<hr class=\"wp-block-separator has-css-opacity\"\/>\n\n\n\n<p>Le programme <strong><em>Blossom Ladies<\/em><\/strong> est fait pour vous si&nbsp;:<\/p>\n\n\n\n<ul class=\"wp-block-list\">\n<li>vous vivez une p\u00e9riode de transition, caract\u00e9ris\u00e9 par un fort doute, une remise en question, une qu\u00eate d\u2019identit\u00e9.<\/li>\n\n\n\n<li>vous avez du mal \u00e0 trouver l\u2019\u00e9quilibre entre les r\u00f4les que vous \u00ab&nbsp;devez&nbsp;\u00bb remplir&nbsp;dans votre carri\u00e8re ou votre travail, vos relations, votre vie familiale et votre r\u00f4le de m\u00e8re.<\/li>\n\n\n\n<li>vous sentez le besoin de vous affirmer, vous r\u00e9aliser en termes d\u2019int\u00e9riorit\u00e9, vous centrer sur ce qui est important pour vous, donner un sens \u00e0 l\u2019avenir, devenir pleinement responsable de votre vie.<\/li>\n\n\n\n<li>vous \u00e9prouvez une volont\u00e9 de changement, d\u2019un renouveau de l\u2019int\u00e9riorit\u00e9, d\u2019une qu\u00eate de sens de la vie.<\/li>\n<\/ul>\n\n\n\n<hr class=\"wp-block-separator has-css-opacity\"\/>\n\n\n\n<p><em>Et vous n\u2019\u00eates pas oblig\u00e9e de faire ce chemin&nbsp;toute seule&nbsp;!<\/em><\/p>\n\n\n\n<p>Dans ce processus de remise en question, je vais vous accompagner \u00e0 trouver des r\u00e9ponses aux <strong>questions<\/strong> : \u00ab&nbsp;Quel sens donner \u00e0 ma vie ?&nbsp;\u00bb \u00ab&nbsp;Quel chemin prendre ?&nbsp;\u00bb \u00ab&nbsp;Que puis-je faire ?&nbsp;\u00bb \u00ab&nbsp;Qu\u2019esp\u00e9rer ?&nbsp;\u00bb \u00ab&nbsp;Quel r\u00f4le ?&nbsp;\u00bb \u00ab&nbsp;Quel engagement ?&nbsp;\u00bb \u00ab&nbsp;Qu\u2019est ce qui me fera \u00e0 nouveau briller les yeux ?&nbsp;\u00bb<\/p>\n\n\n\n<p>Ce <strong>programme de coaching individuel<\/strong> vous permettra alors de retrouver ce que vous \u00eates, ce que vous voulez faire et comment vous allez le faire.     Il va vous permettre de faire un travail d\u2019introspection, d\u2019acc\u00e9der \u00e0 votre identit\u00e9 profonde en pleine conscience, en vous ouvrant ainsi des perspectives pour nourrir votre conscience d\u2019\u00eatre.&nbsp;<\/p>\n\n\n\n<hr class=\"wp-block-separator has-css-opacity\"\/>\n\n\n\n<p><em>Qu\u2019est que le programme <strong>Blossom Ladies<\/strong> va vous apporter ?<\/em><\/p>\n\n\n\n<p>A la fin de ce cheminement vous serez capable&nbsp;:<\/p>\n\n\n\n<ul class=\"wp-block-list\">\n<li>&nbsp;de connaitre votre propre identit\u00e9, de r\u00e9v\u00e9ler votre beaut\u00e9 int\u00e9rieure,<\/li>\n\n\n\n<li>&nbsp;de vous manifester, de \u00ab&nbsp;sortir de l\u2019ombre&nbsp;\u00bb, de prendre votre place,<\/li>\n\n\n\n<li>de vous valoriser en d\u00e9veloppent votre estime de soi et confiance en soi,<\/li>\n\n\n\n<li>de retrouver des rep\u00e8res stables dans votre profonde int\u00e9riorit\u00e9,<\/li>\n\n\n\n<li>d\u2019instaurer un nouvel \u00e9quilibre entre vos r\u00f4les de femme,<\/li>\n\n\n\n<li>d\u2019avoir des projets, de nourrir un sentiment d\u2019accomplissement,<\/li>\n\n\n\n<li>de trouver un sens et vous \u00e9panouir dans votre nouvelle vie.<\/li>\n<\/ul>\n\n\n\n<hr class=\"wp-block-separator has-css-opacity\"\/>\n\n\n\n<p class=\"has-text-align-center\"><strong><em>\u00ab&nbsp;S\u2019il existe une r\u00e9alit\u00e9 qui d\u00e9passe le r\u00eave, c\u2019est ceci&nbsp;: Vivre.&nbsp;\u00bb<\/em><\/strong><\/p>\n\n\n\n<p class=\"has-text-align-right\">Victor Hugo&nbsp;\u2013 \u00ab&nbsp;Les mis\u00e9rables&nbsp;\u00bb (1862)<\/p>\n\n\n\n<hr class=\"wp-block-separator has-css-opacity\"\/>\n\n\n\n<p><strong><em>Blossom Ladies<\/em><\/strong><\/p>\n\n\n\n<p>&#8211; Un programme intensif de d\u00e9veloppement et transformation personnelle.<\/p>\n\n\n\n<p>&#8211; Un parcours d\u2019accompagnement de 8 s\u00e9ances de coaching individuel.     (<em>en pr\u00e9sentiel ou \u00e0 distance).<\/em><\/p>\n\n\n\n<p>&#8211; Une rencontre inspirante, motivante, vivifiante, pleine d\u2019\u00e9nergie f\u00e9minine!<\/p>\n\n\n\n<hr class=\"wp-block-separator has-css-opacity\"\/>\n\n\n\n<p class=\"has-text-align-center\">Rejoignez le programme, faites partie des <strong><em>Blossom Ladies<\/em><\/strong>&nbsp;!<\/p>\n\n\n\n<p class=\"has-text-align-center\">Une <strong>s\u00e9ance d\u00e9couverte<\/strong> offerte pour mettre les bases d\u2019une collaboration fructueuse.<\/p>\n\n\n\n<p class=\"has-text-align-center\">Rendez-vous devant la porte de votre jardin int\u00e9rieur&nbsp;!<\/p>\n\n\n\n<hr class=\"wp-block-separator has-css-opacity\"\/>\n\n\n\n<p>Comme femmes, nous avons souvent du mal \u00e0 nous ouvrir, \u00e0 parler de nos difficult\u00e9s, car nous consid\u00e9rons que notre probl\u00e9matique \u00ab n\u2019est pas normal \u00bb, nous n\u2019avons pas le droit de nous sentir mal. Tout simplement, parce que s\u2019est difficile de critiquer \u00ab la cage dor\u00e9e \u00bb, nous avons le sentiment de ne pas \u00eatre comprises par les autres, m\u00eame nos proches ne compatissent pas. Nos croyances et nos injonctions &#8211; \u00ab je doit \u00eatre forte \u00bb, \u00ab c\u2019est mon r\u00f4le \u00bb, \u00ab c\u2019est ce qu\u2019on attend de moi \u00bb, \u00ab c\u2019est normal de se sacrifier pour sa famille \u00bb &#8211; constituent un frein qui nous emp\u00eachent de nous ouvrir et de nous exprimer.<\/p>\n\n\n\n<p>En cons\u00e9quence, le programme <strong><em>Blossom Ladies<\/em><\/strong> se d\u00e9roule dans un environnement neutre, bienveillant et sans jugement, en assurant une relation chaleureuse, empathique et en pleine confiance.<\/p>\n\n\n\n<hr class=\"wp-block-separator has-css-opacity\"\/>\n\n\n\n<p class=\"has-text-align-center\"><strong>Pr\u00eate \u00e0 commencer votre nouvelle vie&nbsp;?<\/strong><\/p>\n\n\n\n<div class=\"wp-block-buttons is-content-justification-center is-layout-flex wp-container-core-buttons-is-layout-a89b3969 wp-block-buttons-is-layout-flex\">\n<div class=\"wp-block-button\"><a class=\"wp-block-button__link wp-element-button\" href=\"https:\/\/calendly.com\/krisztina-sete\/rdv-bc\"><strong>Commencer <\/strong>ici&#8230;<\/a><\/div>\n<\/div>\n\n\n\n<p class=\"has-text-align-center\"><a href=\"mailto:Krisztina.Sete@gmail.com\" data-type=\"link\" data-id=\"Krisztina.Sete@gmail.com\" target=\"_blank\" rel=\"noreferrer noopener\">\ud83d\udce9 <strong>Krisztina.Sete@gmail.com<\/strong><\/a><\/p>\n\n\n\n<p class=\"has-text-align-center\">\ud83d\udcde <strong>06 80 262 258<\/strong><\/p>\n\n\n\n<p class=\"has-text-align-center\">Au plaisir de faire ce chemin ensemble&nbsp;!<\/p>\n\n\n\n<p><\/p>\n\n\n\n<hr class=\"wp-block-separator has-css-opacity\"\/>\n\n\n\n<p><strong>Mes clients t\u00e9moignent:<\/strong><\/p>\n\n\n\n<hr class=\"wp-block-separator has-css-opacity\"\/>\n\n\n\n<p>Krisztina est une coach merveilleuse.<\/p>\n\n\n\n<p><em>Dot\u00e9e de grandes qualit\u00e9s humaines, elle a su m\u2019accompagner avec professionnalisme et humanisme vers mon objectif. Sa qualit\u00e9 d\u2019\u00e9coute, de pr\u00e9sence est exceptionnelle. A ses c\u00f4t\u00e9s, je me suis imm\u00e9diatement senti en confiance et motiv\u00e9e ! Elle a su manier avec art le d\u00e9nouement des cordes de mes croyances limitantes et de mes blocages, trouver les mots et les outils justes, et m\u2019accompagner ainsi vers l\u2019accomplissement de mon but. Je lui en suis profond\u00e9ment reconnaissante, et la recommande \u00e0 100%!<\/em><\/p>\n\n\n\n<p>J.S.<\/p>\n\n\n\n<p>______________________________________________________________________________<\/p>\n\n\n\n<p>Je recommande Krisztina,<\/p>\n\n\n\n<p><em>qui a su m\u2019accompagn\u00e9 dans mon changement professionnel. Krisztina a en effet su m\u2019\u00e9couter, trouver les mots qui ont permis \u00e0 prendre confiance. Krisztina m\u2019a ainsi suivi de la recherche jusqu\u2019\u00e0 la signature de mon nouveau contrat.<br>Plusieurs mois se sont \u00e9coul\u00e9s depuis et je ne regrette pas mon choix d\u2019\u00eatre sortie de ma zone de confort gr\u00e2ce au soutien et au professionnalisme de Krisztina.<\/em><\/p>\n\n\n\n<p>Merci<\/p>\n\n\n\n<p>MN<\/p>\n\n\n\n<p><a href=\"https:\/\/flowforsense.com\/\" data-type=\"link\" data-id=\"https:\/\/flowforsense.com\/\">Retour Accueil<\/a><\/p>\n","protected":false},"excerpt":{"rendered":"<p>PROFITEZ DE L\u2019OCCASION DE CHANGER VOTRE VIE \u00ab&nbsp;Femme&nbsp;\u00bb&nbsp;&#8211; un petit mot et en m\u00eame temps [&hellip;]<\/p>\n","protected":false},"author":1,"featured_media":0,"parent":0,"menu_order":0,"comment_status":"open","ping_status":"closed","template":"","meta":{"footnotes":""},"class_list":["post-239","page","type-page","status-publish","hentry"],"_links":{"self":[{"href":"https:\/\/flowforsense.com\/index.php?rest_route=\/wp\/v2\/pages\/239","targetHints":{"allow":["GET"]}}],"collection":[{"href":"https:\/\/flowforsense.com\/index.php?rest_route=\/wp\/v2\/pages"}],"about":[{"href":"https:\/\/flowforsense.com\/index.php?rest_route=\/wp\/v2\/types\/page"}],"author":[{"embeddable":true,"href":"https:\/\/flowforsense.com\/index.php?rest_route=\/wp\/v2\/users\/1"}],"replies":[{"embeddable":true,"href":"https:\/\/flowforsense.com\/index.php?rest_route=%2Fwp%2Fv2%2Fcomments&post=239"}],"version-history":[{"count":26,"href":"https:\/\/flowforsense.com\/index.php?rest_route=\/wp\/v2\/pages\/239\/revisions"}],"predecessor-version":[{"id":585,"href":"https:\/\/flowforsense.com\/index.php?rest_route=\/wp\/v2\/pages\/239\/revisions\/585"}],"wp:attachment":[{"href":"https:\/\/flowforsense.com\/index.php?rest_route=%2Fwp%2Fv2%2Fmedia&parent=239"}],"curies":[{"name":"wp","href":"https:\/\/api.w.org\/{rel}","templated":true}]}}