{"id":458,"date":"2025-12-27T16:09:49","date_gmt":"2025-12-27T15:09:49","guid":{"rendered":"https:\/\/flowforsense.com\/?page_id=458"},"modified":"2025-12-27T23:24:29","modified_gmt":"2025-12-27T22:24:29","slug":"bilan-de-competence-flow-for-sense","status":"publish","type":"page","link":"https:\/\/flowforsense.com\/?page_id=458","title":{"rendered":"Bilan de comp\u00e9tence Flow For Sense"},"content":{"rendered":"\n<p> Retrouvez du sens, de la clart\u00e9 et un nouvel \u00e9lan professionnel gr\u00e2ce \u00e0 un accompagnement structur\u00e9, humain et personnalis\u00e9. En ligne dans toute la France ou en pr\u00e9sentiel en \u00cele\u2011de\u2011France.<\/p>\n\n\n\n<div class=\"wp-block-buttons is-content-justification-center is-layout-flex wp-container-core-buttons-is-layout-a89b3969 wp-block-buttons-is-layout-flex\">\n<div class=\"wp-block-button\"><a class=\"wp-block-button__link wp-element-button\" href=\"https:\/\/flowforsense.com\/?page_id=68\"><strong>\u201cJe veux en parler\u201d<\/strong><\/a><\/div>\n<\/div>\n\n\n\n<p><strong>Qu\u2019est\u2011ce qu\u2019un bilan de comp\u00e9tences ?<\/strong><\/p>\n\n\n\n<p> Le bilan de comp\u00e9tences est un accompagnement structur\u00e9 qui vous permet d\u2019analyser vos comp\u00e9tences professionnelles et personnelles, vos aptitudes, vos motivations et vos valeurs. Il vous aide \u00e0 comprendre o\u00f9 vous en \u00eates, ce que vous voulez vraiment, et quelles sont les options concr\u00e8tes qui s\u2019offrent \u00e0 vous.<\/p>\n\n\n\n<p> C\u2019est un espace pour vous recentrer, prendre du recul et avancer avec confiance vers un projet professionnel qui vous ressemble.<\/p>\n\n\n\n<p><strong>Pourquoi faire un bilan de comp\u00e9tences ?<\/strong><\/p>\n\n\n\n<p> Vous \u00eates peut\u2011\u00eatre dans l\u2019une de ces situations :<\/p>\n\n\n\n<ul class=\"wp-block-list\">\n<li>Vous ne vous reconnaissez plus dans votre travail actuel<\/li>\n\n\n\n<li>Vous envisagez une reconversion mais ne savez pas par o\u00f9 commencer<\/li>\n\n\n\n<li>Vous avez plusieurs id\u00e9es mais aucune certitude<\/li>\n\n\n\n<li>Vous souhaitez \u00e9voluer, changer de poste ou retrouver du sens<\/li>\n\n\n\n<li>Vous avez besoin d\u2019un cadre, d\u2019un soutien et d\u2019une m\u00e9thode pour avancer<\/li>\n<\/ul>\n\n\n\n<p>Le bilan de comp\u00e9tences vous offre une vision claire, des pistes concr\u00e8tes et un plan d\u2019action r\u00e9aliste.<\/p>\n\n\n\n<p><strong>Les 3 phases du bilan de comp\u00e9tences <\/strong><\/p>\n\n\n\n<p> <strong>Phase pr\u00e9liminaire<\/strong> Nous clarifions votre situation, vos besoins, vos attentes et vos objectifs. C\u2019est un temps pour poser les bases et d\u00e9finir ensemble le cadre de votre accompagnement.<\/p>\n\n\n\n<p> <strong>Phase d\u2019investigation<\/strong> Nous explorons vos comp\u00e9tences, vos ressources, vos motivations, vos valeurs et vos pistes professionnelles. Vous avancez pas \u00e0 pas, avec des outils adapt\u00e9s, des exercices cibl\u00e9s et un accompagnement personnalis\u00e9.<\/p>\n\n\n\n<p> <strong>Phase de conclusion<\/strong> Nous construisons un projet professionnel r\u00e9aliste et motivant, accompagn\u00e9 d\u2019un plan d\u2019action concret. Vous repartez avec une synth\u00e8se \u00e9crite, claire et structur\u00e9e.<\/p>\n\n\n\n<p> <strong>Dur\u00e9e et modalit\u00e9s de votre accompagnement<\/strong><\/p>\n\n\n\n<p> Dans notre d\u00e9marche, vous b\u00e9n\u00e9ficiez d\u2019un&nbsp;<strong>accompagnement individuel sur-mesure,&nbsp;<\/strong>\u00e9tal\u00e9 sur une plage horaire de<strong>12 \u00e0 24 heures<\/strong>, s\u2019\u00e9tirant sur une p\u00e9riode de&nbsp;<strong>2 \u00e0 4 mois<\/strong>. Il comprend :<\/p>\n\n\n\n<ul class=\"wp-block-list\">\n<li>Des s\u00e9ances individuelles en visioconf\u00e9rence ou en pr\u00e9sentiel<\/li>\n\n\n\n<li>Des exercices personnalis\u00e9s entre les s\u00e9ances<\/li>\n\n\n\n<li>Un suivi r\u00e9gulier et bienveillant<\/li>\n\n\n\n<li>Une synth\u00e8se \u00e9crite compl\u00e8te<\/li>\n\n\n\n<li>Un accompagnement adapt\u00e9 \u00e0 votre situation et \u00e0 vos besoins<\/li>\n<\/ul>\n\n\n\n<p>\u00c0 la fin de votre bilan de comp\u00e9tences un&nbsp;<strong>document de synth\u00e8se d\u00e9taill\u00e9<\/strong>&nbsp;vous sera remis.<\/p>\n\n\n\n<p> <strong>Nos formules et tarifs<\/strong>: <\/p>\n\n\n\n<div class=\"wp-block-group is-content-justification-left is-layout-constrained wp-container-core-group-is-layout-12dd3699 wp-block-group-is-layout-constrained\">\n<ul class=\"wp-block-list\">\n<li><em><strong>Bilan Orientation&nbsp;<\/strong><\/em>\u2013 personnes avanc\u00e9es dans leur r\u00e9flexions et \/ ou d\u00e9marches Dur\u00e9e \u2013 16 h dont 10h de face \u00e0 face:  Tarif \u2013&nbsp;<strong>1000 euros<\/strong><\/li>\n<\/ul>\n\n\n\n<ul class=\"wp-block-list\">\n<li><em><strong>Bilan Evolution&nbsp;<\/strong><\/em>\u2013 bilan de comp\u00e9tences classique Dur\u00e9e \u2013 24h dont 16h de face \u00e0 face: Tarif \u2013&nbsp;<strong>1600 euros<\/strong><\/li>\n<\/ul>\n\n\n\n<ul class=\"wp-block-list\">\n<li><em><strong>Bilan&nbsp;<\/strong><\/em><strong><em>Pr\u00e9mium<\/em><\/strong>&nbsp;\u2013 personnes avanc\u00e9es dans leur r\u00e9flexions et \/ ou d\u00e9marches Dur\u00e9e \u2013 24 h dont 20h de face \u00e0 face:  Tarif \u2013&nbsp;<strong>2000 euros<\/strong><\/li>\n<\/ul>\n<\/div>\n\n\n\n<p> <strong>Financement par le CPF<\/strong><\/p>\n\n\n\n<p> Le bilan de comp\u00e9tences Flow For Sense est \u00e9ligible au CPF. Nous v\u00e9rifions ensemble vos droits et les modalit\u00e9s de prise en charge lors de l\u2019appel d\u00e9couverte.<\/p>\n\n\n\n<p> D\u2019autres financements sont possibles :<\/p>\n\n\n\n<ul class=\"wp-block-list\">\n<li>Plan de d\u00e9veloppement des comp\u00e9tences de votre employeur<\/li>\n\n\n\n<li>OPCO<\/li>\n\n\n\n<li>France Travail \/ P\u00f4le emploi<\/li>\n\n\n\n<li>Financement personnel<\/li>\n<\/ul>\n\n\n\n<p> Je vous accompagne dans les d\u00e9marches si n\u00e9cessaire.<\/p>\n\n\n\n<p> <strong>\u00c0 qui s\u2019adresse ce bilan de comp\u00e9tences ?<\/strong><\/p>\n\n\n\n<p> Cet accompagnement est destin\u00e9 aux :<\/p>\n\n\n\n<ul class=\"wp-block-list\">\n<li>Salari\u00e9s (CDI, CDD)<\/li>\n\n\n\n<li>Ind\u00e9pendants et freelances<\/li>\n\n\n\n<li>Managers et cadres<\/li>\n\n\n\n<li>Personnes en reconversion<\/li>\n\n\n\n<li>Demandeurs d\u2019emploi<\/li>\n\n\n\n<li>Professionnels en qu\u00eate de sens ou d\u2019\u00e9volution<\/li>\n<\/ul>\n\n\n\n<p>Il est particuli\u00e8rement adapt\u00e9 si vous souhaitez changer, \u00e9voluer, vous r\u00e9aligner ou retrouver du plaisir au travail.<\/p>\n\n\n\n<p> <strong>Coaching ou bilan de comp\u00e9tences : que choisir ?<\/strong><\/p>\n\n\n\n<p>Le coaching vous aide \u00e0 d\u00e9passer un blocage, d\u00e9velopper une comp\u00e9tence ou atteindre un objectif pr\u00e9cis. Le bilan de comp\u00e9tences vous accompagne dans une r\u00e9flexion globale sur votre parcours, vos motivations et votre avenir professionnel.<\/p>\n\n\n\n<p>Si vous h\u00e9sitez, nous en parlons ensemble lors de l\u2019appel d\u00e9couverte.<\/p>\n\n\n\n<p> <strong>Questions fr\u00e9quentes (FAQ)<\/strong><\/p>\n\n\n\n<p> <strong>Combien de temps dure un bilan de comp\u00e9tences ?<\/strong> La dur\u00e9e maximale est de 24 heures, r\u00e9parties sur plusieurs semaines. Mon accompagnement s\u2019\u00e9tale g\u00e9n\u00e9ralement sur 2 \u00e0 4 mois.<\/p>\n\n\n\n<p><strong>Le bilan de comp\u00e9tences est\u2011il confidentiel ?<\/strong> Oui. Le contenu du bilan est strictement confidentiel et ne peut \u00eatre transmis \u00e0 un tiers sans votre accord \u00e9crit.<\/p>\n\n\n\n<p><strong>Puis\u2011je financer mon bilan avec mon CPF ?<\/strong> Oui, le bilan de comp\u00e9tences Flow For Sense est \u00e9ligible au CPF.<\/p>\n\n\n\n<p style=\"border-style:none;border-width:0px\"><strong>Est\u2011ce adapt\u00e9 si je veux changer de m\u00e9tier ?<\/strong> Oui. Le bilan de comp\u00e9tences est l\u2019outil id\u00e9al pour clarifier une reconversion ou un changement professionnel.<\/p>\n\n\n\n<p> <strong>R\u00e9server un appel d\u00e9couverte gratuit<\/strong><\/p>\n\n\n\n<p>Vous souhaitez clarifier votre situation professionnelle ou v\u00e9rifier si le bilan de comp\u00e9tences est adapt\u00e9 \u00e0 votre besoin ? Je vous propose un appel d\u00e9couverte de <strong>1 heure<\/strong>, <strong>gratuit et sans engagement.<\/strong><\/p>\n\n\n\n<div class=\"wp-block-buttons is-content-justification-center is-layout-flex wp-container-core-buttons-is-layout-a89b3969 wp-block-buttons-is-layout-flex\">\n<div class=\"wp-block-button\"><a class=\"wp-block-button__link wp-element-button\" href=\"https:\/\/flowforsense.com\/?page_id=68\">R\u00e9server un appel d\u00e9couverte<\/a><\/div>\n<\/div>\n\n\n\n<p class=\"has-text-align-center\">\ud83d\udce9<a href=\"mailto:Krisztina.Sete@gmail.com\" data-type=\"mailto\" data-id=\"mailto:Krisztina.Sete@gmail.com\"> <strong>Krisztina.Sete@gmail.com<\/strong><\/a><\/p>\n\n\n\n<p class=\"has-text-align-center\"> \ud83d\udcde <strong>06 80 262 258<\/strong><\/p>\n\n\n\n<p><a href=\"https:\/\/flowforsense.com\/\" data-type=\"link\" data-id=\"https:\/\/flowforsense.com\/\">Retour Accueil<\/a><\/p>\n\n\n\n<p><\/p>\n","protected":false},"excerpt":{"rendered":"<p>Retrouvez du sens, de la clart\u00e9 et un nouvel \u00e9lan professionnel gr\u00e2ce \u00e0 un accompagnement [&hellip;]<\/p>\n","protected":false},"author":1,"featured_media":0,"parent":0,"menu_order":0,"comment_status":"closed","ping_status":"closed","template":"","meta":{"footnotes":""},"class_list":["post-458","page","type-page","status-publish","hentry"],"_links":{"self":[{"href":"https:\/\/flowforsense.com\/index.php?rest_route=\/wp\/v2\/pages\/458","targetHints":{"allow":["GET"]}}],"collection":[{"href":"https:\/\/flowforsense.com\/index.php?rest_route=\/wp\/v2\/pages"}],"about":[{"href":"https:\/\/flowforsense.com\/index.php?rest_route=\/wp\/v2\/types\/page"}],"author":[{"embeddable":true,"href":"https:\/\/flowforsense.com\/index.php?rest_route=\/wp\/v2\/users\/1"}],"replies":[{"embeddable":true,"href":"https:\/\/flowforsense.com\/index.php?rest_route=%2Fwp%2Fv2%2Fcomments&post=458"}],"version-history":[{"count":8,"href":"https:\/\/flowforsense.com\/index.php?rest_route=\/wp\/v2\/pages\/458\/revisions"}],"predecessor-version":[{"id":584,"href":"https:\/\/flowforsense.com\/index.php?rest_route=\/wp\/v2\/pages\/458\/revisions\/584"}],"wp:attachment":[{"href":"https:\/\/flowforsense.com\/index.php?rest_route=%2Fwp%2Fv2%2Fmedia&parent=458"}],"curies":[{"name":"wp","href":"https:\/\/api.w.org\/{rel}","templated":true}]}}