{"id":75,"date":"2019-10-21T23:22:29","date_gmt":"2019-10-21T21:22:29","guid":{"rendered":"http:\/\/flowforsense.com\/?page_id=75"},"modified":"2025-12-27T23:37:52","modified_gmt":"2025-12-27T22:37:52","slug":"coaching","status":"publish","type":"page","link":"https:\/\/flowforsense.com\/?page_id=75","title":{"rendered":"Coaching"},"content":{"rendered":"\n<p><\/p>\n\n\n\n<p>\u00ab&nbsp;Le <strong>coaching<\/strong> consiste \u00e0 accompagner des personnes ou des groupes dans la d\u00e9finition et l\u2019atteinte de leurs objectifs, au b\u00e9n\u00e9fice de la r\u00e9ussite de leur \u00e9volution personnelle et professionnelle.&nbsp;\u00bb (<em>St\u00e9phanie Plessis)<\/em><\/p>\n\n\n\n<p>&nbsp;\u00ab&nbsp;Le coach est un accompagnateur sur le chemin pour trouver le meilleur de soi-m\u00eame en soi-m\u00eame. C\u2019est gr\u00e2ce \u00e0 l\u2019\u00e9coute ind\u00e9fectible du coach, \u00e0 ses questions pertinentes et son accueil bienveillant, sans jugement ni \u00e9tiquette, que le coach\u00e9 peut puiser au plus profond de ses ressources et trouver la solution, qu\u2019il ne pensait pas avoir, \u00e0 ses difficult\u00e9s. C\u2019est cela qui permet une ouverture de l\u2019esprit qui am\u00e8ne, pour le coach\u00e9, la possibilit\u00e9 de regarder les situations diff\u00e9remment.&nbsp;\u00bb (<em>Belfali, M.N.)<\/em><\/p>\n\n\n\n<p>La&nbsp;<strong>dur\u00e9e&nbsp;<\/strong>d\u2019un processus de coaching  est de&nbsp;<strong>8-10 s\u00e9ances<\/strong> de <strong>1h-1h30<\/strong>. Les s\u00e9ances peuvent se d\u00e9rouler en pr\u00e9sentiel, par t\u00e9l\u00e9phone ou visio.<\/p>\n\n\n\n<p><\/p>\n\n\n\n<p><strong><em>Est-ce que vous voulez savoir d&#8217;avantage? Est-ce que vous avez envie d&#8217;\u00eatre accompagn\u00e9 sur votre chemin de d\u00e9veloppement personnel ou professionnel?  Contactez-moi et on va parcourir ensemble cette route en toute efficacit\u00e9 et avec beaucoup d&#8217;optimisme!<\/em><\/strong><\/p>\n\n\n\n<div class=\"wp-block-buttons is-content-justification-center is-layout-flex wp-container-core-buttons-is-layout-a89b3969 wp-block-buttons-is-layout-flex\">\n<div class=\"wp-block-button\"><a class=\"wp-block-button__link wp-element-button\" href=\"https:\/\/flowforsense.com\/?page_id=68\">&#8220;Je veux en parler&#8221;<\/a><\/div>\n<\/div>\n\n\n\n<p class=\"has-text-align-center\">\ud83d\udce9 <strong><a href=\"mailto:Krisztina.Sete@gmail.com\">Krisztina.Sete@gmail.com<\/a><\/strong><\/p>\n\n\n\n<p class=\"has-text-align-center\"> \ud83d\udcde <strong>06 80 262 258<\/strong><\/p>\n\n\n\n<p><a href=\"https:\/\/flowforsense.com\/\" data-type=\"link\" data-id=\"https:\/\/flowforsense.com\/\">Retour Accueil<\/a><\/p>\n\n\n\n<p><\/p>\n","protected":false},"excerpt":{"rendered":"<p>\u00ab&nbsp;Le coaching consiste \u00e0 accompagner des personnes ou des groupes dans la d\u00e9finition et l\u2019atteinte [&hellip;]<\/p>\n","protected":false},"author":1,"featured_media":0,"parent":0,"menu_order":0,"comment_status":"closed","ping_status":"closed","template":"","meta":{"footnotes":""},"class_list":["post-75","page","type-page","status-publish","hentry"],"_links":{"self":[{"href":"https:\/\/flowforsense.com\/index.php?rest_route=\/wp\/v2\/pages\/75","targetHints":{"allow":["GET"]}}],"collection":[{"href":"https:\/\/flowforsense.com\/index.php?rest_route=\/wp\/v2\/pages"}],"about":[{"href":"https:\/\/flowforsense.com\/index.php?rest_route=\/wp\/v2\/types\/page"}],"author":[{"embeddable":true,"href":"https:\/\/flowforsense.com\/index.php?rest_route=\/wp\/v2\/users\/1"}],"replies":[{"embeddable":true,"href":"https:\/\/flowforsense.com\/index.php?rest_route=%2Fwp%2Fv2%2Fcomments&post=75"}],"version-history":[{"count":17,"href":"https:\/\/flowforsense.com\/index.php?rest_route=\/wp\/v2\/pages\/75\/revisions"}],"predecessor-version":[{"id":591,"href":"https:\/\/flowforsense.com\/index.php?rest_route=\/wp\/v2\/pages\/75\/revisions\/591"}],"wp:attachment":[{"href":"https:\/\/flowforsense.com\/index.php?rest_route=%2Fwp%2Fv2%2Fmedia&parent=75"}],"curies":[{"name":"wp","href":"https:\/\/api.w.org\/{rel}","templated":true}]}}